
{"id":12803,"date":"2025-06-03T21:37:54","date_gmt":"2025-06-04T01:37:54","guid":{"rendered":"https:\/\/procondominios.com.ve\/?page_id=12803"},"modified":"2025-09-17T01:27:07","modified_gmt":"2025-09-17T05:27:07","slug":"procondonoticias","status":"publish","type":"page","link":"https:\/\/procondominios.com.ve\/procondoblog\/procondonoticias\/","title":{"rendered":"ProcondoNoticias"},"content":{"rendered":"\t\t<div data-elementor-type=\"wp-page\" data-elementor-id=\"12803\" class=\"elementor elementor-12803\">\n\t\t\t\t\t\t<section class=\"elementor-section elementor-top-section elementor-element elementor-element-4c94376 elementor-section-boxed elementor-section-height-default elementor-section-height-default wpr-particle-no wpr-jarallax-no wpr-parallax-no wpr-sticky-section-no wpr-equal-height-no\" data-id=\"4c94376\" data-element_type=\"section\" data-e-type=\"section\">\n\t\t\t\t\t\t<div class=\"elementor-container elementor-column-gap-default\">\n\t\t\t\t\t<div class=\"elementor-column elementor-col-100 elementor-top-column elementor-element elementor-element-135ef55\" data-id=\"135ef55\" data-element_type=\"column\" data-e-type=\"column\">\n\t\t\t<div class=\"elementor-widget-wrap elementor-element-populated\">\n\t\t\t\t\t\t<div class=\"elementor-element elementor-element-c3fe2f4 elementor-widget elementor-widget-spacer\" data-id=\"c3fe2f4\" data-element_type=\"widget\" data-e-type=\"widget\" data-widget_type=\"spacer.default\">\n\t\t\t\t\t\t\t<div class=\"elementor-spacer\">\n\t\t\t<div class=\"elementor-spacer-inner\"><\/div>\n\t\t<\/div>\n\t\t\t\t\t\t<\/div>\n\t\t\t\t\t<\/div>\n\t\t<\/div>\n\t\t\t\t\t<\/div>\n\t\t<\/section>\n\t\t<div class=\"elementor-element elementor-element-827d395 e-flex e-con-boxed wpr-particle-no wpr-jarallax-no wpr-parallax-no wpr-sticky-section-no wpr-equal-height-no e-con e-parent\" data-id=\"827d395\" data-element_type=\"container\" data-e-type=\"container\">\n\t\t\t\t\t<div class=\"e-con-inner\">\n\t\t\t\t<div class=\"elementor-element elementor-element-7b34336 wpr-search-form-style-inner wpr-search-form-position-right elementor-widget elementor-widget-wpr-search\" data-id=\"7b34336\" data-element_type=\"widget\" data-e-type=\"widget\" data-widget_type=\"wpr-search.default\">\n\t\t\t\t\t\n\t\t<form role=\"search\" method=\"get\" class=\"wpr-search-form\" action=\"https:\/\/procondominios.com.ve\/procondoblog\">\n\n\t\t\t<div class=\"wpr-search-form-input-wrap elementor-clearfix\">\n\t\t\t\t<input class=\"wpr-search-form-input\" placeholder=\"\u00bfQu\u00e9 est\u00e1s buscando?\" aria-label=\"\u00bfQu\u00e9 est\u00e1s buscando?\" type=\"search\" name=\"s\" title=\"Search\" value=\"\" wpr-query-type=\"all\" wpr-taxonomy-type=\"\" number-of-results=\"2\" ajax-search=\"\" meta-query=\"\" show-description=\"yes\" number-of-words=\"30\" show-ajax-thumbnails=\"\" show-view-result-btn=\"\" show-product-price=\"no\" view-result-text=\"View Results\" no-results=\"No Results Found\" exclude-without-thumb=\"\" link-target=\"_self\" password-protected=\"no\" attachments=\"no\">\n\t\t\t\t\n\t\t<button class=\"wpr-search-form-submit\" aria-label=\"\u00bfQu\u00e9 est\u00e1s buscando?\" type=\"submit\">\n\t\t\t\t\t\t\t<i class=\"fas fa-search\"><\/i>\n\t\t\t\t\t<\/button>\n\n\t\t\t\t\t<\/div>\n\n\t\t\t\t\t<\/form>\n\t\t<div class=\"wpr-data-fetch\">\n\t\t\t<span class=\"wpr-close-search\"><\/span>\n\t\t\t<ul><\/ul>\n\t\t\t\t\t<\/div>\n\t\t\n\t\t\t\t\t\t<\/div>\n\t\t\t\t\t<\/div>\n\t\t\t\t<\/div>\n\t\t<div class=\"elementor-element elementor-element-65ff3f4 e-flex e-con-boxed wpr-particle-no wpr-jarallax-no wpr-parallax-no wpr-sticky-section-no wpr-equal-height-no e-con e-parent\" data-id=\"65ff3f4\" data-element_type=\"container\" data-e-type=\"container\">\n\t\t\t\t\t<div class=\"e-con-inner\">\n\t\t\t\t<div class=\"elementor-element elementor-element-b23a21a elementor-widget elementor-widget-contentviews_widget_grid1\" data-id=\"b23a21a\" data-element_type=\"widget\" data-e-type=\"widget\" data-widget_type=\"contentviews_widget_grid1.default\">\n\t\t\t\t<div class=\"elementor-widget-container\">\n\t\t\t\t\t<div class='pt-cv-wrapper'> <h1 class='pt-cv-heading-container heading1' data-blockid='b23a21a'><span class='pt-cv-heading'> Heading <\/span><\/h1><div class=\"pt-cv-view pt-cv-blockgrid iscvblock iscvelementor grid1 layout1\" id=\"pt-cv-view-b23a21a\"><div data-id=\"pt-cv-page-1\" class=\"pt-cv-page\" data-cvc=\"3\"><div class=\" pt-cv-content-item pt-cv-1-col\" ><div class=\"pt-cv-thumb-wrapper  \"><a href=\"https:\/\/procondominios.com.ve\/procondoblog\/2025\/06\/04\/los-morosos-en-la-junta-alerta\/\" class=\"_self pt-cv-href-thumbnail pt-cv-thumb-default\" target=\"_self\" ><img fetchpriority=\"high\" decoding=\"async\" width=\"1024\" height=\"576\" src=\"https:\/\/procondominios.com.ve\/procondoblog\/wp-content\/uploads\/2025\/06\/miniaturaentra-1024x576.png\" class=\"pt-cv-thumbnail\" alt=\"\" \/><\/a><\/div>\n<div class=\"pt-cv-taxoterm above_title\"><a href='https:\/\/procondominios.com.ve\/procondoblog\/category\/es-legal\/' title='Es legal' class='pt-cv-tax-es-legal'>Es legal<\/a><a href='https:\/\/procondominios.com.ve\/procondoblog\/category\/opinion\/' title='Opini\u00f3n' class='pt-cv-tax-opinion'>Opini\u00f3n<\/a><a href='https:\/\/procondominios.com.ve\/procondoblog\/category\/procondotips\/' title='Procondotips' class='pt-cv-tax-procondotips'>Procondotips<\/a><\/div>\n<h4 class=\"pt-cv-title\"><a href=\"https:\/\/procondominios.com.ve\/procondoblog\/2025\/06\/04\/los-morosos-en-la-junta-alerta\/\" class=\"_self\" target=\"_self\" >Los morosos en la Junta , Alerta<\/a><\/h4>\n<div class=\"pt-cv-content\">Esta situaci\u00f3n es consecuencia de la muestra de la profunda apat\u00eda que reina en las comunidades inmoobiliarias, especialmente en el ...<\/div>\n<div class=\"pt-cv-rmwrap\"><a href=\"https:\/\/procondominios.com.ve\/procondoblog\/2025\/06\/04\/los-morosos-en-la-junta-alerta\/\" class=\"_self pt-cv-readmore btn btn-success\" target=\"_self\" >Leer M\u00e1s<\/a><\/div>\n<div class=\"pt-cv-meta-fields\"><span class=\"entry-date\"> <time datetime=\"2025-06-04T01:43:38-04:00\">4 de junio de 2025<\/time><\/span><span> \/ <\/span><span class=\"author\"> <a href=\"https:\/\/procondominios.com.ve\/procondoblog\/author\/procondominios\/\" rel=\"author\">procondominios<\/a><\/span><\/div><\/div>\n<div class=\" pt-cv-content-item pt-cv-1-col\" ><div class=\"pt-cv-thumb-wrapper  \"><a href=\"https:\/\/procondominios.com.ve\/procondoblog\/2025\/06\/04\/la-actitud-frente-a-la-ley\/\" class=\"_self pt-cv-href-thumbnail pt-cv-thumb-default\" target=\"_self\" ><img decoding=\"async\" src=\"https:\/\/procondominios.com.ve\/procondoblog\/wp-content\/plugins\/content-views-query-and-display-post-page\/public\/assets\/images\/default_image.png\" class=\"pt-cv-thumbnail cv-default-img\" alt=\"La actitud frente a la ley\" title=\"\" \/><\/a><\/div>\n<div class=\"pt-cv-taxoterm above_title\"><a href='https:\/\/procondominios.com.ve\/procondoblog\/category\/procondotips\/' title='Procondotips' class='pt-cv-tax-procondotips'>Procondotips<\/a><\/div>\n<h4 class=\"pt-cv-title\"><a href=\"https:\/\/procondominios.com.ve\/procondoblog\/2025\/06\/04\/la-actitud-frente-a-la-ley\/\" class=\"_self\" target=\"_self\" >La actitud frente a la ley<\/a><\/h4>\n<div class=\"pt-cv-content\">\u00bfQu\u00e9 ha de sentir un propietario cuando est\u00e1 incurriendo en una conducta en la cual \u00e9l conscientemente sabe con certeza ...<\/div>\n<div class=\"pt-cv-rmwrap\"><a href=\"https:\/\/procondominios.com.ve\/procondoblog\/2025\/06\/04\/la-actitud-frente-a-la-ley\/\" class=\"_self pt-cv-readmore btn btn-success\" target=\"_self\" >Leer M\u00e1s<\/a><\/div>\n<div class=\"pt-cv-meta-fields\"><span class=\"entry-date\"> <time datetime=\"2025-06-04T01:39:35-04:00\">4 de junio de 2025<\/time><\/span><span> \/ <\/span><span class=\"author\"> <a href=\"https:\/\/procondominios.com.ve\/procondoblog\/author\/procondominios\/\" rel=\"author\">procondominios<\/a><\/span><\/div><\/div>\n<div class=\" pt-cv-content-item pt-cv-1-col\" ><div class=\"pt-cv-thumb-wrapper  \"><a href=\"https:\/\/procondominios.com.ve\/procondoblog\/2025\/01\/07\/esquema-para-mejorar-la-comunicacion-en-condominios\/\" class=\"_self pt-cv-href-thumbnail pt-cv-thumb-default\" target=\"_self\" ><img decoding=\"async\" src=\"https:\/\/procondominios.com.ve\/procondoblog\/wp-content\/plugins\/content-views-query-and-display-post-page\/public\/assets\/images\/default_image.png\" class=\"pt-cv-thumbnail cv-default-img\" alt=\"Esquema para Mejorar la Comunicaci\u00f3n en Condominios\" title=\"\" \/><\/a><\/div>\n<div class=\"pt-cv-taxoterm above_title\"><a href='https:\/\/procondominios.com.ve\/procondoblog\/category\/copropietarios\/' title='Copropietarios' class='pt-cv-tax-copropietarios'>Copropietarios<\/a><a href='https:\/\/procondominios.com.ve\/procondoblog\/category\/procondotips\/' title='Procondotips' class='pt-cv-tax-procondotips'>Procondotips<\/a><\/div>\n<h4 class=\"pt-cv-title\"><a href=\"https:\/\/procondominios.com.ve\/procondoblog\/2025\/01\/07\/esquema-para-mejorar-la-comunicacion-en-condominios\/\" class=\"_self\" target=\"_self\" >Esquema para Mejorar la Comunicaci\u00f3n en Condominios<\/a><\/h4>\n<div class=\"pt-cv-content\">Canales de Comunicaci\u00f3n Eficaces: Asambleas Generales: Establecer una frecuencia regular (anual, semestral). Asegurar que la convocatoria sea clara y con ...<\/div>\n<div class=\"pt-cv-rmwrap\"><a href=\"https:\/\/procondominios.com.ve\/procondoblog\/2025\/01\/07\/esquema-para-mejorar-la-comunicacion-en-condominios\/\" class=\"_self pt-cv-readmore btn btn-success\" target=\"_self\" >Leer M\u00e1s<\/a><\/div>\n<div class=\"pt-cv-meta-fields\"><span class=\"entry-date\"> <time datetime=\"2025-01-07T11:23:20-04:00\">7 de enero de 2025<\/time><\/span><span> \/ <\/span><span class=\"author\"> <a href=\"https:\/\/procondominios.com.ve\/procondoblog\/author\/procondominios\/\" rel=\"author\">procondominios<\/a><\/span><\/div><\/div>\n<div class=\" pt-cv-content-item pt-cv-1-col\" ><div class=\"pt-cv-thumb-wrapper  \"><a href=\"https:\/\/procondominios.com.ve\/procondoblog\/2024\/10\/08\/el-autoritarismo-en-la-junta-de-condominio\/\" class=\"_self pt-cv-href-thumbnail pt-cv-thumb-default\" target=\"_self\" ><img decoding=\"async\" src=\"https:\/\/procondominios.com.ve\/procondoblog\/wp-content\/plugins\/content-views-query-and-display-post-page\/public\/assets\/images\/default_image.png\" class=\"pt-cv-thumbnail cv-default-img\" alt=\"El autoritarismo en la junta de condominio\" title=\"\" \/><\/a><\/div>\n<div class=\"pt-cv-taxoterm above_title\"><a href='https:\/\/procondominios.com.ve\/procondoblog\/category\/copropietarios\/' title='Copropietarios' class='pt-cv-tax-copropietarios'>Copropietarios<\/a><a href='https:\/\/procondominios.com.ve\/procondoblog\/category\/jutas\/' title='Juntas de Condominios' class='pt-cv-tax-jutas'>Juntas de Condominios<\/a><a href='https:\/\/procondominios.com.ve\/procondoblog\/category\/opinion\/' title='Opini\u00f3n' class='pt-cv-tax-opinion'>Opini\u00f3n<\/a><\/div>\n<h4 class=\"pt-cv-title\"><a href=\"https:\/\/procondominios.com.ve\/procondoblog\/2024\/10\/08\/el-autoritarismo-en-la-junta-de-condominio\/\" class=\"_self\" target=\"_self\" >El autoritarismo en la junta de condominio<\/a><\/h4>\n<div class=\"pt-cv-content\">Partiendo de experiencias profesionales conocidas quiero comentarles lo siguiente: 1) Es nefasto para una comunidad de copropietarios permitir que sea ...<\/div>\n<div class=\"pt-cv-rmwrap\"><a href=\"https:\/\/procondominios.com.ve\/procondoblog\/2024\/10\/08\/el-autoritarismo-en-la-junta-de-condominio\/\" class=\"_self pt-cv-readmore btn btn-success\" target=\"_self\" >Leer M\u00e1s<\/a><\/div>\n<div class=\"pt-cv-meta-fields\"><span class=\"entry-date\"> <time datetime=\"2024-10-08T14:00:20-04:00\">8 de octubre de 2024<\/time><\/span><span> \/ <\/span><span class=\"author\"> <a href=\"https:\/\/procondominios.com.ve\/procondoblog\/author\/procondominios\/\" rel=\"author\">procondominios<\/a><\/span><\/div><\/div>\n<div class=\" pt-cv-content-item pt-cv-1-col\" ><div class=\"pt-cv-thumb-wrapper  \"><a href=\"https:\/\/procondominios.com.ve\/procondoblog\/2024\/09\/17\/si-en-tu-condominio-reinan-las-ilegalidades-y-la-morosidad-debes-saber-esto\/\" class=\"_self pt-cv-href-thumbnail pt-cv-thumb-default\" target=\"_self\" ><img decoding=\"async\" src=\"https:\/\/procondominios.com.ve\/procondoblog\/wp-content\/plugins\/content-views-query-and-display-post-page\/public\/assets\/images\/default_image.png\" class=\"pt-cv-thumbnail cv-default-img\" alt=\"Si en tu condominio reinan las ilegalidades y la morosidad debes saber esto\" title=\"\" \/><\/a><\/div>\n<div class=\"pt-cv-taxoterm above_title\"><a href='https:\/\/procondominios.com.ve\/procondoblog\/category\/administradoras\/' title='Administradoras' class='pt-cv-tax-administradoras'>Administradoras<\/a><a href='https:\/\/procondominios.com.ve\/procondoblog\/category\/jutas\/' title='Juntas de Condominios' class='pt-cv-tax-jutas'>Juntas de Condominios<\/a><a href='https:\/\/procondominios.com.ve\/procondoblog\/category\/procondotips\/' title='Procondotips' class='pt-cv-tax-procondotips'>Procondotips<\/a><\/div>\n<h4 class=\"pt-cv-title\"><a href=\"https:\/\/procondominios.com.ve\/procondoblog\/2024\/09\/17\/si-en-tu-condominio-reinan-las-ilegalidades-y-la-morosidad-debes-saber-esto\/\" class=\"_self\" target=\"_self\" >Si en tu condominio reinan las ilegalidades y la morosidad debes saber esto<\/a><\/h4>\n<div class=\"pt-cv-content\">1) Cuando la Junta de Condominio se elige sin los par\u00e1metros legales, ya todo comienza mal. Es necesario garantizar que ...<\/div>\n<div class=\"pt-cv-rmwrap\"><a href=\"https:\/\/procondominios.com.ve\/procondoblog\/2024\/09\/17\/si-en-tu-condominio-reinan-las-ilegalidades-y-la-morosidad-debes-saber-esto\/\" class=\"_self pt-cv-readmore btn btn-success\" target=\"_self\" >Leer M\u00e1s<\/a><\/div>\n<div class=\"pt-cv-meta-fields\"><span class=\"entry-date\"> <time datetime=\"2024-09-17T19:27:27-04:00\">17 de septiembre de 2024<\/time><\/span><span> \/ <\/span><span class=\"author\"> <a href=\"https:\/\/procondominios.com.ve\/procondoblog\/author\/procondominios\/\" rel=\"author\">procondominios<\/a><\/span><\/div><\/div>\n<div class=\" pt-cv-content-item pt-cv-1-col\" ><div class=\"pt-cv-thumb-wrapper  \"><a href=\"https:\/\/procondominios.com.ve\/procondoblog\/2024\/09\/17\/tu-condominio-necesita-un-salvavidas-legal\/\" class=\"_self pt-cv-href-thumbnail pt-cv-thumb-default\" target=\"_self\" ><img decoding=\"async\" src=\"https:\/\/procondominios.com.ve\/procondoblog\/wp-content\/plugins\/content-views-query-and-display-post-page\/public\/assets\/images\/default_image.png\" class=\"pt-cv-thumbnail cv-default-img\" alt=\"\u00bfTu condominio necesita un salvavidas legal?\" title=\"\" \/><\/a><\/div>\n<div class=\"pt-cv-taxoterm above_title\"><a href='https:\/\/procondominios.com.ve\/procondoblog\/category\/capacitaciones\/' title='Capacitaciones' class='pt-cv-tax-capacitaciones'>Capacitaciones<\/a><a href='https:\/\/procondominios.com.ve\/procondoblog\/category\/es-legal\/' title='Es legal' class='pt-cv-tax-es-legal'>Es legal<\/a><a href='https:\/\/procondominios.com.ve\/procondoblog\/category\/jutas\/' title='Juntas de Condominios' class='pt-cv-tax-jutas'>Juntas de Condominios<\/a><\/div>\n<h4 class=\"pt-cv-title\"><a href=\"https:\/\/procondominios.com.ve\/procondoblog\/2024\/09\/17\/tu-condominio-necesita-un-salvavidas-legal\/\" class=\"_self\" target=\"_self\" >\u00bfTu condominio necesita un salvavidas legal?<\/a><\/h4>\n<div class=\"pt-cv-content\">\u00bfProblemas en tu condominio? \u00a1No te preocupes! En Procondominios ofrecemos un servicio integral de asesor\u00eda legal a juntas de condominio ...<\/div>\n<div class=\"pt-cv-rmwrap\"><a href=\"https:\/\/procondominios.com.ve\/procondoblog\/2024\/09\/17\/tu-condominio-necesita-un-salvavidas-legal\/\" class=\"_self pt-cv-readmore btn btn-success\" target=\"_self\" >Leer M\u00e1s<\/a><\/div>\n<div class=\"pt-cv-meta-fields\"><span class=\"entry-date\"> <time datetime=\"2024-09-17T19:19:26-04:00\">17 de septiembre de 2024<\/time><\/span><span> \/ <\/span><span class=\"author\"> <a href=\"https:\/\/procondominios.com.ve\/procondoblog\/author\/procondominios\/\" rel=\"author\">procondominios<\/a><\/span><\/div><\/div><\/div><\/div> <\/div> \t\t\t\t<\/div>\n\t\t\t\t<\/div>\n\t\t\t\t\t<\/div>\n\t\t\t\t<\/div>\n\t\t\t\t<section class=\"elementor-section elementor-top-section elementor-element elementor-element-7cb6cdd elementor-section-boxed elementor-section-height-default elementor-section-height-default wpr-particle-no wpr-jarallax-no wpr-parallax-no wpr-sticky-section-no wpr-equal-height-no\" data-id=\"7cb6cdd\" data-element_type=\"section\" data-e-type=\"section\">\n\t\t\t\t\t\t<div class=\"elementor-container elementor-column-gap-default\">\n\t\t\t\t\t<div class=\"elementor-column elementor-col-50 elementor-top-column elementor-element elementor-element-61c5693\" data-id=\"61c5693\" data-element_type=\"column\" data-e-type=\"column\">\n\t\t\t<div class=\"elementor-widget-wrap elementor-element-populated\">\n\t\t\t\t\t\t<div class=\"elementor-element elementor-element-3d785ba elementor-widget elementor-widget-image\" data-id=\"3d785ba\" data-element_type=\"widget\" data-e-type=\"widget\" data-widget_type=\"image.default\">\n\t\t\t\t\t\t\t\t\t\t\t\t\t\t\t<img decoding=\"async\" src=\"http:\/\/procondominios.com.ve\/wp-content\/uploads\/2025\/06\/ADS-MASTERCLASS.png\" title=\"\" alt=\"\" loading=\"lazy\" \/>\t\t\t\t\t\t\t\t\t\t\t\t\t\t\t<\/div>\n\t\t\t\t\t<\/div>\n\t\t<\/div>\n\t\t\t\t<div class=\"elementor-column elementor-col-50 elementor-top-column elementor-element elementor-element-5c05906\" data-id=\"5c05906\" data-element_type=\"column\" data-e-type=\"column\">\n\t\t\t<div class=\"elementor-widget-wrap elementor-element-populated\">\n\t\t\t\t\t\t<div class=\"elementor-element elementor-element-1fc61fc elementor-widget elementor-widget-image\" data-id=\"1fc61fc\" data-element_type=\"widget\" data-e-type=\"widget\" data-widget_type=\"image.default\">\n\t\t\t\t\t\t\t\t\t\t\t\t\t\t\t<img decoding=\"async\" src=\"http:\/\/procondominios.com.ve\/wp-content\/uploads\/2025\/06\/linea-youtube.png\" title=\"\" alt=\"\" loading=\"lazy\" \/>\t\t\t\t\t\t\t\t\t\t\t\t\t\t\t<\/div>\n\t\t\t\t<div class=\"elementor-element elementor-element-a058bca elementor-widget elementor-widget-video\" data-id=\"a058bca\" data-element_type=\"widget\" data-e-type=\"widget\" data-settings=\"{&quot;youtube_url&quot;:&quot;https:\\\/\\\/youtu.be\\\/F4mq0Y9IsM0&quot;,&quot;video_type&quot;:&quot;youtube&quot;,&quot;controls&quot;:&quot;yes&quot;}\" data-widget_type=\"video.default\">\n\t\t\t\t\t\t\t<div class=\"elementor-wrapper elementor-open-inline\">\n\t\t\t<div class=\"elementor-video\"><\/div>\t\t<\/div>\n\t\t\t\t\t\t<\/div>\n\t\t\t\t\t<\/div>\n\t\t<\/div>\n\t\t\t\t\t<\/div>\n\t\t<\/section>\n\t\t\t\t<section class=\"elementor-section elementor-top-section elementor-element elementor-element-e40f7e0 elementor-section-boxed elementor-section-height-default elementor-section-height-default wpr-particle-no wpr-jarallax-no wpr-parallax-no wpr-sticky-section-no wpr-equal-height-no\" data-id=\"e40f7e0\" data-element_type=\"section\" data-e-type=\"section\">\n\t\t\t\t\t\t<div class=\"elementor-container elementor-column-gap-default\">\n\t\t\t\t\t<div class=\"elementor-column elementor-col-100 elementor-top-column elementor-element elementor-element-4dad82e\" data-id=\"4dad82e\" data-element_type=\"column\" data-e-type=\"column\">\n\t\t\t<div class=\"elementor-widget-wrap\">\n\t\t\t\t\t\t\t<\/div>\n\t\t<\/div>\n\t\t\t\t\t<\/div>\n\t\t<\/section>\n\t\t\t\t<section class=\"elementor-section elementor-top-section elementor-element elementor-element-acc09d9 elementor-section-boxed elementor-section-height-default elementor-section-height-default wpr-particle-no wpr-jarallax-no wpr-parallax-no wpr-sticky-section-no wpr-equal-height-no\" data-id=\"acc09d9\" data-element_type=\"section\" data-e-type=\"section\">\n\t\t\t\t\t\t<div class=\"elementor-container elementor-column-gap-default\">\n\t\t\t\t\t<div class=\"elementor-column elementor-col-100 elementor-top-column elementor-element elementor-element-cb649e6\" data-id=\"cb649e6\" data-element_type=\"column\" data-e-type=\"column\">\n\t\t\t<div class=\"elementor-widget-wrap\">\n\t\t\t\t\t\t\t<\/div>\n\t\t<\/div>\n\t\t\t\t\t<\/div>\n\t\t<\/section>\n\t\t\t\t<\/div>\n\t\t","protected":false},"excerpt":{"rendered":"<p>More than 2 results are available in the PRO version (This notice is only visible to admin users) Heading Es legalOpini\u00f3nProcondotips Los morosos en la Junta , Alerta Esta situaci\u00f3n es consecuencia de la muestra de la profunda apat\u00eda que reina en las comunidades inmoobiliarias, especialmente en el &#8230; Leer M\u00e1s 4 de junio de&#8230;<\/p>\n","protected":false},"author":1,"featured_media":0,"parent":0,"menu_order":0,"comment_status":"closed","ping_status":"closed","template":"","meta":{"_kadence_starter_templates_imported_post":false,"_kad_post_transparent":"","_kad_post_title":"hide","_kad_post_layout":"fullwidth","_kad_post_sidebar_id":"","_kad_post_content_style":"unboxed","_kad_post_vertical_padding":"hide","_kad_post_feature":"hide","_kad_post_feature_position":"","_kad_post_header":false,"_kad_post_footer":false,"footnotes":""},"class_list":["post-12803","page","type-page","status-publish","hentry"],"_links":{"self":[{"href":"https:\/\/procondominios.com.ve\/procondoblog\/wp-json\/wp\/v2\/pages\/12803","targetHints":{"allow":["GET"]}}],"collection":[{"href":"https:\/\/procondominios.com.ve\/procondoblog\/wp-json\/wp\/v2\/pages"}],"about":[{"href":"https:\/\/procondominios.com.ve\/procondoblog\/wp-json\/wp\/v2\/types\/page"}],"author":[{"embeddable":true,"href":"https:\/\/procondominios.com.ve\/procondoblog\/wp-json\/wp\/v2\/users\/1"}],"replies":[{"embeddable":true,"href":"https:\/\/procondominios.com.ve\/procondoblog\/wp-json\/wp\/v2\/comments?post=12803"}],"version-history":[{"count":6,"href":"https:\/\/procondominios.com.ve\/procondoblog\/wp-json\/wp\/v2\/pages\/12803\/revisions"}],"predecessor-version":[{"id":13065,"href":"https:\/\/procondominios.com.ve\/procondoblog\/wp-json\/wp\/v2\/pages\/12803\/revisions\/13065"}],"wp:attachment":[{"href":"https:\/\/procondominios.com.ve\/procondoblog\/wp-json\/wp\/v2\/media?parent=12803"}],"curies":[{"name":"wp","href":"https:\/\/api.w.org\/{rel}","templated":true}]}}